{"id":26,"date":"2026-01-09T15:30:42","date_gmt":"2026-01-09T14:30:42","guid":{"rendered":"https:\/\/www.grand-divo.com\/?page_id=26"},"modified":"2026-03-17T16:40:20","modified_gmt":"2026-03-17T15:40:20","slug":"a-propos","status":"publish","type":"page","link":"https:\/\/www.grand-divo.com\/?page_id=26","title":{"rendered":"A propos"},"content":{"rendered":"\t\t<div data-elementor-type=\"wp-page\" data-elementor-id=\"26\" class=\"elementor elementor-26\">\n\t\t\t\t<div class=\"elementor-element elementor-element-0584970 e-con-full e-flex wpr-particle-no wpr-jarallax-no wpr-parallax-no wpr-sticky-section-no e-con e-parent\" data-id=\"0584970\" data-element_type=\"container\" data-settings=\"{&quot;background_background&quot;:&quot;gradient&quot;}\">\n\t\t\t\t<div class=\"elementor-element elementor-element-bfb6b21 elementor-widget elementor-widget-hfe-breadcrumbs-widget\" data-id=\"bfb6b21\" data-element_type=\"widget\" data-widget_type=\"hfe-breadcrumbs-widget.default\">\n\t\t\t\t<div class=\"elementor-widget-container\">\n\t\t\t\t\t<nav aria-label=\"Breadcrumb\"><ul class=\"hfe-breadcrumbs hfe-breadcrumbs-show-home\"><li class=\"hfe-breadcrumbs-item hfe-breadcrumbs-first\"><span class=\"hfe-breadcrumbs-home-icon\"><svg aria-hidden=\"true\" class=\"e-font-icon-svg e-fas-home\" viewBox=\"0 0 576 512\" xmlns=\"http:\/\/www.w3.org\/2000\/svg\"><path d=\"M280.37 148.26L96 300.11V464a16 16 0 0 0 16 16l112.06-.29a16 16 0 0 0 15.92-16V368a16 16 0 0 1 16-16h64a16 16 0 0 1 16 16v95.64a16 16 0 0 0 16 16.05L464 480a16 16 0 0 0 16-16V300L295.67 148.26a12.19 12.19 0 0 0-15.3 0zM571.6 251.47L488 182.56V44.05a12 12 0 0 0-12-12h-56a12 12 0 0 0-12 12v72.61L318.47 43a48 48 0 0 0-61 0L4.34 251.47a12 12 0 0 0-1.6 16.9l25.5 31A12 12 0 0 0 45.15 301l235.22-193.74a12.19 12.19 0 0 1 15.3 0L530.9 301a12 12 0 0 0 16.9-1.6l25.5-31a12 12 0 0 0-1.7-16.93z\"><\/path><\/svg><\/span><a href=\"https:\/\/www.grand-divo.com\"><span class=\"hfe-breadcrumbs-text\">Accueil<\/span><\/a><\/li><\/ul><\/nav>\t\t\t\t<\/div>\n\t\t\t\t<\/div>\n\t\t\t\t<\/div>\n\t\t<div class=\"elementor-element elementor-element-5c3ba5c4 e-con-full e-flex wpr-particle-no wpr-jarallax-no wpr-parallax-no wpr-sticky-section-no e-con e-parent\" data-id=\"5c3ba5c4\" data-element_type=\"container\" data-settings=\"{&quot;background_background&quot;:&quot;gradient&quot;}\">\n\t\t<div class=\"elementor-element elementor-element-76b89c15 e-con-full e-flex wpr-particle-no wpr-jarallax-no wpr-parallax-no wpr-sticky-section-no e-con e-child\" data-id=\"76b89c15\" data-element_type=\"container\">\n\t\t\t\t<div class=\"elementor-element elementor-element-48bcb467 elementor-widget elementor-widget-image\" data-id=\"48bcb467\" data-element_type=\"widget\" data-widget_type=\"image.default\">\n\t\t\t\t\t\t\t\t\t\t\t\t\t\t\t<img fetchpriority=\"high\" decoding=\"async\" width=\"1024\" height=\"683\" src=\"https:\/\/www.grand-divo.com\/wp-content\/uploads\/2026\/02\/volunteers-teaming-up-organize-donations-charity-1024x683.jpg\" class=\"attachment-large size-large wp-image-403\" alt=\"\" srcset=\"https:\/\/www.grand-divo.com\/wp-content\/uploads\/2026\/02\/volunteers-teaming-up-organize-donations-charity-1024x683.jpg 1024w, https:\/\/www.grand-divo.com\/wp-content\/uploads\/2026\/02\/volunteers-teaming-up-organize-donations-charity-300x200.jpg 300w, https:\/\/www.grand-divo.com\/wp-content\/uploads\/2026\/02\/volunteers-teaming-up-organize-donations-charity-768x512.jpg 768w, https:\/\/www.grand-divo.com\/wp-content\/uploads\/2026\/02\/volunteers-teaming-up-organize-donations-charity-1536x1024.jpg 1536w, https:\/\/www.grand-divo.com\/wp-content\/uploads\/2026\/02\/volunteers-teaming-up-organize-donations-charity-2048x1365.jpg 2048w, https:\/\/www.grand-divo.com\/wp-content\/uploads\/2026\/02\/volunteers-teaming-up-organize-donations-charity-600x400.jpg 600w\" sizes=\"(max-width: 1024px) 100vw, 1024px\" \/>\t\t\t\t\t\t\t\t\t\t\t\t\t\t\t<\/div>\n\t\t\t\t<div class=\"elementor-element elementor-element-6723136 elementor-arrows-position-inside elementor-pagination-position-outside elementor-widget elementor-widget-image-carousel\" data-id=\"6723136\" data-element_type=\"widget\" data-settings=\"{&quot;navigation&quot;:&quot;both&quot;,&quot;autoplay&quot;:&quot;yes&quot;,&quot;pause_on_hover&quot;:&quot;yes&quot;,&quot;pause_on_interaction&quot;:&quot;yes&quot;,&quot;autoplay_speed&quot;:5000,&quot;infinite&quot;:&quot;yes&quot;,&quot;speed&quot;:500}\" data-widget_type=\"image-carousel.default\">\n\t\t\t\t\t\t\t<div class=\"elementor-image-carousel-wrapper swiper\" role=\"region\" aria-roledescription=\"carousel\" aria-label=\"Carrousel d\u2019images\" dir=\"ltr\">\n\t\t\t<div class=\"elementor-image-carousel swiper-wrapper\" aria-live=\"off\">\n\t\t\t\t\t\t\t\t<div class=\"swiper-slide\" role=\"group\" aria-roledescription=\"slide\" aria-label=\"1 sur 3\"><figure class=\"swiper-slide-inner\"><img decoding=\"async\" class=\"swiper-slide-image\" src=\"https:\/\/www.grand-divo.com\/wp-content\/uploads\/2026\/02\/b7c74bf8-eed6-49b9-bd1f-eafdc1592b35-1-150x150.png\" alt=\"b7c74bf8-eed6-49b9-bd1f-eafdc1592b35 (1)\" \/><\/figure><\/div><div class=\"swiper-slide\" role=\"group\" aria-roledescription=\"slide\" aria-label=\"2 sur 3\"><figure class=\"swiper-slide-inner\"><img decoding=\"async\" class=\"swiper-slide-image\" src=\"https:\/\/www.grand-divo.com\/wp-content\/uploads\/2026\/02\/volunteers-teaming-up-organize-donations-charity-150x150.jpg\" alt=\"volunteers-teaming-up-organize-donations-charity\" \/><\/figure><\/div><div class=\"swiper-slide\" role=\"group\" aria-roledescription=\"slide\" aria-label=\"3 sur 3\"><figure class=\"swiper-slide-inner\"><img decoding=\"async\" class=\"swiper-slide-image\" src=\"https:\/\/www.grand-divo.com\/wp-content\/uploads\/2026\/02\/hands-unity-150x150.jpg\" alt=\"hands-unity\" \/><\/figure><\/div>\t\t\t<\/div>\n\t\t\t\t\t\t\t\t\t\t\t\t<div class=\"elementor-swiper-button elementor-swiper-button-prev\" role=\"button\" tabindex=\"0\">\n\t\t\t\t\t\t<svg aria-hidden=\"true\" class=\"e-font-icon-svg e-eicon-chevron-left\" viewBox=\"0 0 1000 1000\" xmlns=\"http:\/\/www.w3.org\/2000\/svg\"><path d=\"M646 125C629 125 613 133 604 142L308 442C296 454 292 471 292 487 292 504 296 521 308 533L604 854C617 867 629 875 646 875 663 875 679 871 692 858 704 846 713 829 713 812 713 796 708 779 692 767L438 487 692 225C700 217 708 204 708 187 708 171 704 154 692 142 675 129 663 125 646 125Z\"><\/path><\/svg>\t\t\t\t\t<\/div>\n\t\t\t\t\t<div class=\"elementor-swiper-button elementor-swiper-button-next\" role=\"button\" tabindex=\"0\">\n\t\t\t\t\t\t<svg aria-hidden=\"true\" class=\"e-font-icon-svg e-eicon-chevron-right\" viewBox=\"0 0 1000 1000\" xmlns=\"http:\/\/www.w3.org\/2000\/svg\"><path d=\"M696 533C708 521 713 504 713 487 713 471 708 454 696 446L400 146C388 133 375 125 354 125 338 125 325 129 313 142 300 154 292 171 292 187 292 204 296 221 308 233L563 492 304 771C292 783 288 800 288 817 288 833 296 850 308 863 321 871 338 875 354 875 371 875 388 867 400 854L696 533Z\"><\/path><\/svg>\t\t\t\t\t<\/div>\n\t\t\t\t\n\t\t\t\t\t\t\t\t\t<div class=\"swiper-pagination\"><\/div>\n\t\t\t\t\t\t\t\t\t<\/div>\n\t\t\t\t\t\t<\/div>\n\t\t\t\t<\/div>\n\t\t<div class=\"elementor-element elementor-element-546a3de3 e-con-full e-flex wpr-particle-no wpr-jarallax-no wpr-parallax-no wpr-sticky-section-no e-con e-child\" data-id=\"546a3de3\" data-element_type=\"container\">\n\t\t\t\t<div class=\"elementor-element elementor-element-7865762b elementor-widget elementor-widget-heading\" data-id=\"7865762b\" data-element_type=\"widget\" data-widget_type=\"heading.default\">\n\t\t\t\t\t<h2 class=\"elementor-heading-title elementor-size-default\">La gen\u00e8se de UCGD<\/h2>\t\t\t\t<\/div>\n\t\t\t\t<div class=\"elementor-element elementor-element-4136ed7d elementor-widget elementor-widget-text-editor\" data-id=\"4136ed7d\" data-element_type=\"widget\" data-widget_type=\"text-editor.default\">\n\t\t\t\t\t\t\t\t\t<p>Des Cadres des d\u00e9partements de Divo, Fresco, Grand-Lahou, Guitry, Lakota et Sassandra <br \/>ont d\u00e9cid\u00e9 de s\u2019unir pour une croissance inclusive de leur r\u00e9gion visant la prise en main de <br \/>son d\u00e9veloppement par ses filles et ses fils depuis le 29 ao\u00fbt 2020. <br \/>Ce d\u00e9veloppement inclusif a pour principal objectif de permettre \u00e0 chaque Cadre de devenir <br \/>un acteur de son espace d\u2019origine parentale ou de vie. Fort de ce principe, la participation <br \/>des populations Avikam, Dida, Ega, Godi\u00e9, et Neyo devient un enjeu majeur pour <br \/>l\u2019\u00e9laboration du projet de r\u00e9appropriation du d\u00e9veloppement du Grand Divo par ses Cadres. <br \/>En effet, longtemps divis\u00e9, le peuple Avikam, Dida -Ega-Godi\u00e9 \u2013 Neyo, g\u00e9ographiquement <br \/>localisable \u00e0 travers ce qu\u2019il est et convenu d\u2019appeler le Grand Divo a pris conscience que la <br \/>solution au probl\u00e8me de son d\u00e9veloppement r\u00e9side dans la capacit\u00e9 de ses illustres filles et <br \/>fils \u00e0 f\u00e9d\u00e9rer leurs comp\u00e9tences en toute fraternit\u00e9.<\/p>\t\t\t\t\t\t\t\t<\/div>\n\t\t\t\t<\/div>\n\t\t\t\t<\/div>\n\t\t<div class=\"elementor-element elementor-element-769133b e-con-full e-flex wpr-particle-no wpr-jarallax-no wpr-parallax-no wpr-sticky-section-no e-con e-parent\" data-id=\"769133b\" data-element_type=\"container\" data-settings=\"{&quot;background_background&quot;:&quot;gradient&quot;}\">\n\t\t<div class=\"elementor-element elementor-element-7f7587b e-con-full e-flex wpr-particle-no wpr-jarallax-no wpr-parallax-no wpr-sticky-section-no e-con e-child\" data-id=\"7f7587b\" data-element_type=\"container\">\n\t\t\t\t<div class=\"elementor-element elementor-element-3e31af9 elementor-widget elementor-widget-image\" data-id=\"3e31af9\" data-element_type=\"widget\" data-widget_type=\"image.default\">\n\t\t\t\t\t\t\t\t\t\t\t\t\t\t\t<img fetchpriority=\"high\" decoding=\"async\" width=\"1024\" height=\"683\" src=\"https:\/\/www.grand-divo.com\/wp-content\/uploads\/2026\/02\/volunteers-teaming-up-organize-donations-charity-1024x683.jpg\" class=\"attachment-large size-large wp-image-403\" alt=\"\" srcset=\"https:\/\/www.grand-divo.com\/wp-content\/uploads\/2026\/02\/volunteers-teaming-up-organize-donations-charity-1024x683.jpg 1024w, https:\/\/www.grand-divo.com\/wp-content\/uploads\/2026\/02\/volunteers-teaming-up-organize-donations-charity-300x200.jpg 300w, https:\/\/www.grand-divo.com\/wp-content\/uploads\/2026\/02\/volunteers-teaming-up-organize-donations-charity-768x512.jpg 768w, https:\/\/www.grand-divo.com\/wp-content\/uploads\/2026\/02\/volunteers-teaming-up-organize-donations-charity-1536x1024.jpg 1536w, https:\/\/www.grand-divo.com\/wp-content\/uploads\/2026\/02\/volunteers-teaming-up-organize-donations-charity-2048x1365.jpg 2048w, https:\/\/www.grand-divo.com\/wp-content\/uploads\/2026\/02\/volunteers-teaming-up-organize-donations-charity-600x400.jpg 600w\" sizes=\"(max-width: 1024px) 100vw, 1024px\" \/>\t\t\t\t\t\t\t\t\t\t\t\t\t\t\t<\/div>\n\t\t\t\t<div class=\"elementor-element elementor-element-fd53448 elementor-arrows-position-inside elementor-pagination-position-outside elementor-widget elementor-widget-image-carousel\" data-id=\"fd53448\" data-element_type=\"widget\" data-settings=\"{&quot;navigation&quot;:&quot;both&quot;,&quot;autoplay&quot;:&quot;yes&quot;,&quot;pause_on_hover&quot;:&quot;yes&quot;,&quot;pause_on_interaction&quot;:&quot;yes&quot;,&quot;autoplay_speed&quot;:5000,&quot;infinite&quot;:&quot;yes&quot;,&quot;speed&quot;:500}\" data-widget_type=\"image-carousel.default\">\n\t\t\t\t\t\t\t<div class=\"elementor-image-carousel-wrapper swiper\" role=\"region\" aria-roledescription=\"carousel\" aria-label=\"Carrousel d\u2019images\" dir=\"ltr\">\n\t\t\t<div class=\"elementor-image-carousel swiper-wrapper\" aria-live=\"off\">\n\t\t\t\t\t\t\t\t<div class=\"swiper-slide\" role=\"group\" aria-roledescription=\"slide\" aria-label=\"1 sur 3\"><figure class=\"swiper-slide-inner\"><img decoding=\"async\" class=\"swiper-slide-image\" src=\"https:\/\/www.grand-divo.com\/wp-content\/uploads\/2026\/02\/b7c74bf8-eed6-49b9-bd1f-eafdc1592b35-1-150x150.png\" alt=\"b7c74bf8-eed6-49b9-bd1f-eafdc1592b35 (1)\" \/><\/figure><\/div><div class=\"swiper-slide\" role=\"group\" aria-roledescription=\"slide\" aria-label=\"2 sur 3\"><figure class=\"swiper-slide-inner\"><img decoding=\"async\" class=\"swiper-slide-image\" src=\"https:\/\/www.grand-divo.com\/wp-content\/uploads\/2026\/02\/volunteers-teaming-up-organize-donations-charity-150x150.jpg\" alt=\"volunteers-teaming-up-organize-donations-charity\" \/><\/figure><\/div><div class=\"swiper-slide\" role=\"group\" aria-roledescription=\"slide\" aria-label=\"3 sur 3\"><figure class=\"swiper-slide-inner\"><img decoding=\"async\" class=\"swiper-slide-image\" src=\"https:\/\/www.grand-divo.com\/wp-content\/uploads\/2026\/02\/hands-unity-150x150.jpg\" alt=\"hands-unity\" \/><\/figure><\/div>\t\t\t<\/div>\n\t\t\t\t\t\t\t\t\t\t\t\t<div class=\"elementor-swiper-button elementor-swiper-button-prev\" role=\"button\" tabindex=\"0\">\n\t\t\t\t\t\t<svg aria-hidden=\"true\" class=\"e-font-icon-svg e-eicon-chevron-left\" viewBox=\"0 0 1000 1000\" xmlns=\"http:\/\/www.w3.org\/2000\/svg\"><path d=\"M646 125C629 125 613 133 604 142L308 442C296 454 292 471 292 487 292 504 296 521 308 533L604 854C617 867 629 875 646 875 663 875 679 871 692 858 704 846 713 829 713 812 713 796 708 779 692 767L438 487 692 225C700 217 708 204 708 187 708 171 704 154 692 142 675 129 663 125 646 125Z\"><\/path><\/svg>\t\t\t\t\t<\/div>\n\t\t\t\t\t<div class=\"elementor-swiper-button elementor-swiper-button-next\" role=\"button\" tabindex=\"0\">\n\t\t\t\t\t\t<svg aria-hidden=\"true\" class=\"e-font-icon-svg e-eicon-chevron-right\" viewBox=\"0 0 1000 1000\" xmlns=\"http:\/\/www.w3.org\/2000\/svg\"><path d=\"M696 533C708 521 713 504 713 487 713 471 708 454 696 446L400 146C388 133 375 125 354 125 338 125 325 129 313 142 300 154 292 171 292 187 292 204 296 221 308 233L563 492 304 771C292 783 288 800 288 817 288 833 296 850 308 863 321 871 338 875 354 875 371 875 388 867 400 854L696 533Z\"><\/path><\/svg>\t\t\t\t\t<\/div>\n\t\t\t\t\n\t\t\t\t\t\t\t\t\t<div class=\"swiper-pagination\"><\/div>\n\t\t\t\t\t\t\t\t\t<\/div>\n\t\t\t\t\t\t<\/div>\n\t\t\t\t<\/div>\n\t\t<div class=\"elementor-element elementor-element-3e27fef e-con-full e-flex wpr-particle-no wpr-jarallax-no wpr-parallax-no wpr-sticky-section-no e-con e-child\" data-id=\"3e27fef\" data-element_type=\"container\">\n\t\t\t\t<div class=\"elementor-element elementor-element-7d97686 elementor-widget elementor-widget-text-editor\" data-id=\"7d97686\" data-element_type=\"widget\" data-widget_type=\"text-editor.default\">\n\t\t\t\t\t\t\t\t\t<p>Aujourd\u2019hui, l\u2019amer constat est fait de ce que malgr\u00e9 de nombreux Cadres de qualit\u00e9 dans <br \/>tous les secteurs d\u2019activ\u00e9es, d\u2019\u00e9normes ressources agricoles et naturelles (trois mines d\u2019or \u00e0 <br \/>Agbahou et Hir\u00e9, et une de mangan\u00e8se \u00e0 Lozoua en exploitation), ainsi qu\u2019un potentiel <br \/>humain extraordinaire, la r\u00e9gion a mal \u00e0 son d\u00e9veloppement et les populations peinent \u00e0 <br \/>b\u00e9n\u00e9ficier de ces nombreuses richesses. <br \/>Conscient de son potentiel aussi bien humain, agricole que minier, et fort du soutien et des <br \/>conseils \u00e9clair\u00e9s de leurs devanciers, les cadres savent d\u00e9sormais que c\u2019est dans l\u2019union et <br \/>les apports alternatifs que peut se produire le d\u00e9veloppement et non dans les activit\u00e9s et <br \/>actions isol\u00e9es. Les Cadres, d\u00e9sormais conscients de l\u2019enjeu que repr\u00e9sente en leur sein\u00a0<\/p>\t\t\t\t\t\t\t\t<\/div>\n\t\t\t\t<div class=\"elementor-element elementor-element-017851b elementor-align-center elementor-widget elementor-widget-button\" data-id=\"017851b\" data-element_type=\"widget\" data-widget_type=\"button.default\">\n\t\t\t\t\t\t\t\t\t\t<a class=\"elementor-button elementor-button-link elementor-size-sm\" href=\"https:\/\/www.grand-divo.com\/?page_id=654\">\n\t\t\t\t\t\t<span class=\"elementor-button-content-wrapper\">\n\t\t\t\t\t\t\t\t\t<span class=\"elementor-button-text\">Adh\u00e9rer <\/span>\n\t\t\t\t\t<\/span>\n\t\t\t\t\t<\/a>\n\t\t\t\t\t\t\t\t<\/div>\n\t\t\t\t<\/div>\n\t\t\t\t<\/div>\n\t\t<div class=\"elementor-element elementor-element-2f126af e-grid e-con-full wpr-particle-no wpr-jarallax-no wpr-parallax-no wpr-sticky-section-no e-con e-parent\" data-id=\"2f126af\" data-element_type=\"container\" data-settings=\"{&quot;background_background&quot;:&quot;gradient&quot;}\">\n\t\t\t\t<div class=\"elementor-element elementor-element-f3ebb37 elementor-align-center elementor-widget elementor-widget-button\" data-id=\"f3ebb37\" data-element_type=\"widget\" data-widget_type=\"button.default\">\n\t\t\t\t\t\t\t\t\t\t<a class=\"elementor-button elementor-button-link elementor-size-sm\" href=\"https:\/\/www.grand-divo.com\/wp-content\/uploads\/2026\/03\/STATUTS-UCGD-140625-F.pdf\">\n\t\t\t\t\t\t<span class=\"elementor-button-content-wrapper\">\n\t\t\t\t\t\t\t\t\t<span class=\"elementor-button-text\">T\u00e9l\u00e9charger le statut  <\/span>\n\t\t\t\t\t<\/span>\n\t\t\t\t\t<\/a>\n\t\t\t\t\t\t\t\t<\/div>\n\t\t\t\t<div class=\"elementor-element elementor-element-5722198 elementor-align-center elementor-widget elementor-widget-button\" data-id=\"5722198\" data-element_type=\"widget\" data-widget_type=\"button.default\">\n\t\t\t\t\t\t\t\t\t\t<a class=\"elementor-button elementor-button-link elementor-size-sm\" href=\"http:\/\/DECISION.%20NOMINATION%20_Membres%20SG\">\n\t\t\t\t\t\t<span class=\"elementor-button-content-wrapper\">\n\t\t\t\t\t\t\t\t\t<span class=\"elementor-button-text\">T\u00e9l\u00e9charger DECISION. N<\/span>\n\t\t\t\t\t<\/span>\n\t\t\t\t\t<\/a>\n\t\t\t\t\t\t\t\t<\/div>\n\t\t\t\t<div class=\"elementor-element elementor-element-e2a8f94 elementor-align-center elementor-widget elementor-widget-button\" data-id=\"e2a8f94\" data-element_type=\"widget\" data-widget_type=\"button.default\">\n\t\t\t\t\t\t\t\t\t\t<a class=\"elementor-button elementor-button-link elementor-size-sm\" href=\"https:\/\/www.grand-divo.com\/wp-content\/uploads\/2026\/03\/RI-UCGD-140625-F.pdf\">\n\t\t\t\t\t\t<span class=\"elementor-button-content-wrapper\">\n\t\t\t\t\t\t\t\t\t<span class=\"elementor-button-text\">T\u00e9l\u00e9charger reglement int\u00e9rieur<\/span>\n\t\t\t\t\t<\/span>\n\t\t\t\t\t<\/a>\n\t\t\t\t\t\t\t\t<\/div>\n\t\t\t\t<\/div>\n\t\t\t\t<\/div>\n\t\t","protected":false},"excerpt":{"rendered":"<p>Accueil La gen\u00e8se de UCGD Des Cadres des d\u00e9partements de Divo, Fresco, Grand-Lahou, Guitry, Lakota et Sassandra ont d\u00e9cid\u00e9 de s\u2019unir pour une croissance inclusive de leur r\u00e9gion visant la prise en main de son d\u00e9veloppement par ses filles et ses fils depuis le 29 ao\u00fbt 2020. Ce d\u00e9veloppement inclusif a pour principal objectif de permettre \u00e0 chaque Cadre de devenir un acteur de son espace d\u2019origine parentale ou de vie. Fort de ce principe, la participation des populations Avikam, Dida, Ega, Godi\u00e9, et Neyo devient un enjeu majeur pour l\u2019\u00e9laboration du projet de r\u00e9appropriation du d\u00e9veloppement du Grand Divo par ses Cadres. En effet, longtemps divis\u00e9, le peuple Avikam, Dida -Ega-Godi\u00e9 \u2013 Neyo, g\u00e9ographiquement localisable \u00e0 travers ce qu\u2019il est et convenu d\u2019appeler le Grand Divo a pris conscience que la solution au probl\u00e8me de son d\u00e9veloppement r\u00e9side dans la capacit\u00e9 de ses illustres filles et fils \u00e0 f\u00e9d\u00e9rer leurs comp\u00e9tences en toute fraternit\u00e9. Aujourd\u2019hui, l\u2019amer constat est fait de ce que malgr\u00e9 de nombreux Cadres de qualit\u00e9 dans tous les secteurs d\u2019activ\u00e9es, d\u2019\u00e9normes ressources agricoles et naturelles (trois mines d\u2019or \u00e0 Agbahou et Hir\u00e9, et une de mangan\u00e8se \u00e0 Lozoua en exploitation), ainsi qu\u2019un potentiel humain extraordinaire, la r\u00e9gion a mal \u00e0 son d\u00e9veloppement et les populations peinent \u00e0 b\u00e9n\u00e9ficier de ces nombreuses richesses. Conscient de son potentiel aussi bien humain, agricole que minier, et fort du soutien et des conseils \u00e9clair\u00e9s de leurs devanciers, les cadres savent d\u00e9sormais que c\u2019est dans l\u2019union et les apports alternatifs que peut se produire le d\u00e9veloppement et non dans les activit\u00e9s et actions isol\u00e9es. Les Cadres, d\u00e9sormais conscients de l\u2019enjeu que repr\u00e9sente en leur sein\u00a0 Adh\u00e9rer T\u00e9l\u00e9charger le statut T\u00e9l\u00e9charger DECISION. N T\u00e9l\u00e9charger reglement int\u00e9rieur<\/p>\n","protected":false},"author":1,"featured_media":0,"parent":0,"menu_order":0,"comment_status":"closed","ping_status":"closed","template":"","meta":{"site-sidebar-layout":"no-sidebar","site-content-layout":"","ast-site-content-layout":"full-width-container","site-content-style":"default","site-sidebar-style":"default","ast-global-header-display":"","ast-banner-title-visibility":"","ast-main-header-display":"","ast-hfb-above-header-display":"","ast-hfb-below-header-display":"","ast-hfb-mobile-header-display":"","site-post-title":"","ast-breadcrumbs-content":"","ast-featured-img":"disabled","footer-sml-layout":"","ast-disable-related-posts":"","theme-transparent-header-meta":"","adv-header-id-meta":"","stick-header-meta":"","header-above-stick-meta":"","header-main-stick-meta":"","header-below-stick-meta":"","astra-migrate-meta-layouts":"default","ast-page-background-enabled":"default","ast-page-background-meta":{"desktop":{"background-color":"var(--ast-global-color-5)","background-image":"","background-repeat":"repeat","background-position":"center center","background-size":"auto","background-attachment":"scroll","background-type":"","background-media":"","overlay-type":"","overlay-color":"","overlay-opacity":"","overlay-gradient":""},"tablet":{"background-color":"","background-image":"","background-repeat":"repeat","background-position":"center center","background-size":"auto","background-attachment":"scroll","background-type":"","background-media":"","overlay-type":"","overlay-color":"","overlay-opacity":"","overlay-gradient":""},"mobile":{"background-color":"","background-image":"","background-repeat":"repeat","background-position":"center center","background-size":"auto","background-attachment":"scroll","background-type":"","background-media":"","overlay-type":"","overlay-color":"","overlay-opacity":"","overlay-gradient":""}},"ast-content-background-meta":{"desktop":{"background-color":"var(--ast-global-color-4)","background-image":"","background-repeat":"repeat","background-position":"center center","background-size":"auto","background-attachment":"scroll","background-type":"","background-media":"","overlay-type":"","overlay-color":"","overlay-opacity":"","overlay-gradient":""},"tablet":{"background-color":"var(--ast-global-color-4)","background-image":"","background-repeat":"repeat","background-position":"center center","background-size":"auto","background-attachment":"scroll","background-type":"","background-media":"","overlay-type":"","overlay-color":"","overlay-opacity":"","overlay-gradient":""},"mobile":{"background-color":"var(--ast-global-color-4)","background-image":"","background-repeat":"repeat","background-position":"center center","background-size":"auto","background-attachment":"scroll","background-type":"","background-media":"","overlay-type":"","overlay-color":"","overlay-opacity":"","overlay-gradient":""}},"footnotes":""},"class_list":["post-26","page","type-page","status-publish","hentry"],"rttpg_featured_image_url":null,"rttpg_author":{"display_name":"TIECOURA","author_link":"https:\/\/www.grand-divo.com\/?page_id=759\/tiecoura"},"rttpg_comment":0,"rttpg_category":null,"rttpg_excerpt":"Accueil La gen\u00e8se de UCGD Des Cadres des d\u00e9partements de Divo, Fresco, Grand-Lahou, Guitry, Lakota et Sassandra ont d\u00e9cid\u00e9 de s\u2019unir pour une croissance inclusive de leur r\u00e9gion visant la prise en main de son d\u00e9veloppement par ses filles et ses fils depuis le 29 ao\u00fbt 2020. Ce d\u00e9veloppement inclusif a pour principal objectif de\u2026","_links":{"self":[{"href":"https:\/\/www.grand-divo.com\/index.php?rest_route=\/wp\/v2\/pages\/26","targetHints":{"allow":["GET"]}}],"collection":[{"href":"https:\/\/www.grand-divo.com\/index.php?rest_route=\/wp\/v2\/pages"}],"about":[{"href":"https:\/\/www.grand-divo.com\/index.php?rest_route=\/wp\/v2\/types\/page"}],"author":[{"embeddable":true,"href":"https:\/\/www.grand-divo.com\/index.php?rest_route=\/wp\/v2\/users\/1"}],"replies":[{"embeddable":true,"href":"https:\/\/www.grand-divo.com\/index.php?rest_route=%2Fwp%2Fv2%2Fcomments&post=26"}],"version-history":[{"count":43,"href":"https:\/\/www.grand-divo.com\/index.php?rest_route=\/wp\/v2\/pages\/26\/revisions"}],"predecessor-version":[{"id":745,"href":"https:\/\/www.grand-divo.com\/index.php?rest_route=\/wp\/v2\/pages\/26\/revisions\/745"}],"wp:attachment":[{"href":"https:\/\/www.grand-divo.com\/index.php?rest_route=%2Fwp%2Fv2%2Fmedia&parent=26"}],"curies":[{"name":"wp","href":"https:\/\/api.w.org\/{rel}","templated":true}]}}